{"id":349,"date":"2024-02-29T12:42:11","date_gmt":"2024-02-29T12:42:11","guid":{"rendered":"https:\/\/luzu.pt\/reservations\/"},"modified":"2024-03-25T15:45:42","modified_gmt":"2024-03-25T15:45:42","slug":"reservations","status":"publish","type":"page","link":"https:\/\/luzu.pt\/fr\/reservations\/","title":{"rendered":"R\u00c9SERVATIONS"},"content":{"rendered":"<p>[et_pb_section fb_built=\u00a0\u00bb1&Prime; custom_padding_last_edited=\u00a0\u00bbon|phone\u00a0\u00bb _builder_version=\u00a0\u00bb4.24.0&Prime; _module_preset=\u00a0\u00bbdefault\u00a0\u00bb use_background_color_gradient=\u00a0\u00bbon\u00a0\u00bb background_color_gradient_direction=\u00a0\u00bb90deg\u00a0\u00bb background_color_gradient_stops=\u00a0\u00bbrgba(0,0,0,0) 50%|#000000 100%\u00a0\u00bb background_color_gradient_overlays_image=\u00a0\u00bbon\u00a0\u00bb background_image=\u00a0\u00bbhttps:\/\/luzu.pt\/wp-content\/uploads\/2024\/01\/Luzo-Inauguracao23-FTS-SA7IV_0526.jpg\u00a0\u00bb custom_padding=\u00a0\u00bb10vh||10vh||true|false\u00a0\u00bb custom_padding_tablet=\u00a0\u00bb10vh||10vh||true|false\u00a0\u00bb custom_padding_phone=\u00a0\u00bb5vh||5vh||true|false\u00a0\u00bb background_last_edited=\u00a0\u00bbon|phone\u00a0\u00bb use_background_color_gradient_phone=\u00a0\u00bbon\u00a0\u00bb background_color_gradient_stops_phone=\u00a0\u00bb#000000 0%|rgba(0,0,0,0) 87%\u00a0\u00bb global_colors_info=\u00a0\u00bb{}\u00a0\u00bb][et_pb_row _builder_version=\u00a0\u00bb4.24.0&Prime; _module_preset=\u00a0\u00bbdefault\u00a0\u00bb global_colors_info=\u00a0\u00bb{}\u00a0\u00bb][et_pb_column type=\u00a0\u00bb4_4&Prime; _builder_version=\u00a0\u00bb4.24.0&Prime; _module_preset=\u00a0\u00bbdefault\u00a0\u00bb global_colors_info=\u00a0\u00bb{}\u00a0\u00bb][et_pb_heading title=\u00a0\u00bbR\u00c9SERVATIONS\u00a0\u00bb _builder_version=\u00a0\u00bb4.24.0&Prime; _module_preset=\u00a0\u00bbdefault\u00a0\u00bb title_font=\u00a0\u00bb|800|||||||\u00a0\u00bb title_font_size_tablet=\u00a0\u00bb\u00a0\u00bb title_font_size_phone=\u00a0\u00bb26px\u00a0\u00bb title_font_size_last_edited=\u00a0\u00bbon|phone\u00a0\u00bb global_colors_info=\u00a0\u00bb{}\u00a0\u00bb][\/et_pb_heading][et_pb_text _builder_version=\u00a0\u00bb4.24.0&Prime; _module_preset=\u00a0\u00bbdefault\u00a0\u00bb text_text_color_tablet=\u00a0\u00bb\u00a0\u00bb text_text_color_phone=\u00a0\u00bb\u00a0\u00bb text_text_color_last_edited=\u00a0\u00bbon|phone\u00a0\u00bb text_line_height_tablet=\u00a0\u00bb\u00a0\u00bb text_line_height_phone=\u00a0\u00bb2em\u00a0\u00bb text_line_height_last_edited=\u00a0\u00bbon|phone\u00a0\u00bb global_colors_info=\u00a0\u00bb{}\u00a0\u00bb]<\/p>\n<p><span style=\"font-weight: 900;\">LUZU<\/span> met \u00e0 votre disposition l&rsquo;espace n\u00e9cessaire \u00e0 votre \u00e9v\u00e9nement.<\/p>\n<p>Nous proposons une formule de base comprenant tout ce dont vous avez besoin pour votre f\u00eate, du portier au vestiaire, en passant par les bars et le DJ. Vous pouvez toujours compl\u00e9ter ces services par d&rsquo;autres services suppl\u00e9mentaires tels que la d\u00e9coration th\u00e9matique, l&rsquo;animation, le divertissement, les artistes invit\u00e9s ou <em>les services de restauration<\/em>.<\/p>\n<p><span style=\"font-weight: 800;\">FORFAIT DE BASE:<\/span> 4000\u20ac*<br \/><span style=\"font-weight: 800;\">MONTANT DE GARANTIE<\/span> pour les dommages \u00e9ventuels : 6000\u20ac par <span style=\"font-weight: bold;\">carte de cr\u00e9dit<\/span><\/p>\n<p><span style=\"font-weight: 300;\">*Services suppl\u00e9mentaires sur demande<\/span><\/p>\n<p>[\/et_pb_text][\/et_pb_column][\/et_pb_row][et_pb_row _builder_version=\u00a0\u00bb4.24.0&Prime; _module_preset=\u00a0\u00bbdefault\u00a0\u00bb background_color=\u00a0\u00bb#000000&Prime; width=\u00a0\u00bb100%\u00a0\u00bb max_width=\u00a0\u00bb100%\u00a0\u00bb custom_padding=\u00a0\u00bb|10%|35px|10%|false|false\u00a0\u00bb global_colors_info=\u00a0\u00bb{}\u00a0\u00bb][et_pb_column type=\u00a0\u00bb4_4&Prime; _builder_version=\u00a0\u00bb4.24.0&Prime; _module_preset=\u00a0\u00bbdefault\u00a0\u00bb global_colors_info=\u00a0\u00bb{}\u00a0\u00bb][et_pb_heading title=\u00a0\u00bbNous nous engageons \u00e0 ce que rien ne manque !\u00a0\u00bb _builder_version=\u00a0\u00bb4.24.0&Prime; _module_preset=\u00a0\u00bbdefault\u00a0\u00bb title_level=\u00a0\u00bbh2&Prime; title_font=\u00a0\u00bb|800||on|||||\u00a0\u00bb title_text_align=\u00a0\u00bbcenter\u00a0\u00bb title_font_size=\u00a0\u00bb22px\u00a0\u00bb title_line_height=\u00a0\u00bb1.3em\u00a0\u00bb width=\u00a0\u00bb35%\u00a0\u00bb width_tablet=\u00a0\u00bb22%\u00a0\u00bb width_phone=\u00a0\u00bb100%\u00a0\u00bb width_last_edited=\u00a0\u00bbon|phone\u00a0\u00bb module_alignment=\u00a0\u00bbcenter\u00a0\u00bb custom_margin=\u00a0\u00bb35px||35px||true|false\u00a0\u00bb custom_padding=\u00a0\u00bb0px||0px||false|false\u00a0\u00bb hover_enabled=\u00a0\u00bb0&Prime; global_colors_info=\u00a0\u00bb{}\u00a0\u00bb sticky_enabled=\u00a0\u00bb0&Prime;][\/et_pb_heading][et_pb_text _builder_version=\u00a0\u00bb4.24.0&Prime; _module_preset=\u00a0\u00bbdefault\u00a0\u00bb max_width=\u00a0\u00bb800px\u00a0\u00bb module_alignment=\u00a0\u00bbcenter\u00a0\u00bb text_font_size_tablet=\u00a0\u00bb\u00a0\u00bb text_font_size_phone=\u00a0\u00bb18px\u00a0\u00bb text_font_size_last_edited=\u00a0\u00bbon|phone\u00a0\u00bb global_colors_info=\u00a0\u00bb{}\u00a0\u00bb]<\/p>\n<p><span>\n<div class=\"wpcf7 no-js\" id=\"wpcf7-f420-o1\" lang=\"fr-FR\" dir=\"ltr\" data-wpcf7-id=\"420\">\n<div class=\"screen-reader-response\"><p role=\"status\" aria-live=\"polite\" aria-atomic=\"true\"><\/p> <ul><\/ul><\/div>\n<form action=\"\/fr\/wp-json\/wp\/v2\/pages\/349#wpcf7-f420-o1\" method=\"post\" class=\"wpcf7-form init\" aria-label=\"Formulaire de contact\" enctype=\"multipart\/form-data\" novalidate=\"novalidate\" data-status=\"init\">\n<fieldset class=\"hidden-fields-container\"><input type=\"hidden\" name=\"_wpcf7\" value=\"420\" \/><input type=\"hidden\" name=\"_wpcf7_version\" value=\"6.1.5\" \/><input type=\"hidden\" name=\"_wpcf7_locale\" value=\"fr_FR\" \/><input type=\"hidden\" name=\"_wpcf7_unit_tag\" value=\"wpcf7-f420-o1\" \/><input type=\"hidden\" name=\"_wpcf7_container_post\" value=\"0\" \/><input type=\"hidden\" name=\"_wpcf7_posted_data_hash\" value=\"\" \/><input type=\"hidden\" name=\"_wpcf7cf_hidden_group_fields\" value=\"[]\" \/><input type=\"hidden\" name=\"_wpcf7cf_hidden_groups\" value=\"[]\" \/><input type=\"hidden\" name=\"_wpcf7cf_visible_groups\" value=\"[]\" \/><input type=\"hidden\" name=\"_wpcf7cf_repeaters\" value=\"[]\" \/><input type=\"hidden\" name=\"_wpcf7cf_steps\" value=\"{}\" \/><input type=\"hidden\" name=\"_wpcf7cf_options\" value=\"{&quot;form_id&quot;:420,&quot;conditions&quot;:[],&quot;settings&quot;:{&quot;animation&quot;:&quot;yes&quot;,&quot;animation_intime&quot;:200,&quot;animation_outtime&quot;:200,&quot;conditions_ui&quot;:&quot;normal&quot;,&quot;notice_dismissed&quot;:false,&quot;notice_dismissed_rollback-cf7-5.8.7&quot;:true,&quot;notice_dismissed_rollback-cf7-5.9.5&quot;:true}}\" \/>\n<\/fieldset>\n<div class=\"two\">\n\t<p>NOM <span class=\"wpcf7-form-control-wrap\" data-name=\"Nome\"><input size=\"40\" maxlength=\"400\" class=\"wpcf7-form-control wpcf7-text wpcf7-validates-as-required\" aria-required=\"true\" aria-invalid=\"false\" placeholder=\"nom complet\" value=\"\" type=\"text\" name=\"Nome\" \/><\/span>\n\t<\/p>\n<\/div>\n<div class=\"three\">\n\t<p>NIF <span class=\"wpcf7-form-control-wrap\" data-name=\"NIF\"><input size=\"40\" maxlength=\"400\" class=\"wpcf7-form-control wpcf7-text wpcf7-validates-as-required\" aria-required=\"true\" aria-invalid=\"false\" placeholder=\"num\u00e9ro d&#039;identification fiscale\" value=\"\" type=\"text\" name=\"NIF\" \/><\/span>\n\t<\/p>\n<\/div>\n<div class=\"two\">\n\t<p>EMAIL <span class=\"wpcf7-form-control-wrap\" data-name=\"e-mail\"><input size=\"40\" maxlength=\"400\" class=\"wpcf7-form-control wpcf7-email wpcf7-validates-as-required wpcf7-text wpcf7-validates-as-email\" aria-required=\"true\" aria-invalid=\"false\" placeholder=\"email\" value=\"\" type=\"email\" name=\"e-mail\" \/><\/span>\n\t<\/p>\n<\/div>\n<div class=\"three\">\n\t<p>CONTACT <span class=\"wpcf7-form-control-wrap\" data-name=\"contacto\"><input size=\"40\" maxlength=\"400\" class=\"wpcf7-form-control wpcf7-tel wpcf7-validates-as-required wpcf7-text wpcf7-validates-as-tel\" aria-required=\"true\" aria-invalid=\"false\" placeholder=\"+351\" value=\"\" type=\"tel\" name=\"contacto\" \/><\/span>\n\t<\/p>\n<\/div>\n<div class=\"four\">\n\t<p>DATE <span class=\"wpcf7-form-control-wrap\" data-name=\"data\"><input class=\"wpcf7-form-control wpcf7-date wpcf7-validates-as-required wpcf7-validates-as-date\" aria-required=\"true\" aria-invalid=\"false\" placeholder=\"JJ-MM-AAAA\" value=\"\" type=\"date\" name=\"data\" \/><\/span>\n\t<\/p>\n<\/div>\n<div class=\"five\">\n\t<p>TEMPS <span class=\"wpcf7-form-control-wrap\" data-name=\"Horario\"><input size=\"40\" maxlength=\"400\" class=\"wpcf7-form-control wpcf7-text wpcf7-validates-as-required\" aria-required=\"true\" aria-invalid=\"false\" placeholder=\"8 heures maximum.\" value=\"\" type=\"text\" name=\"Horario\" \/><\/span>\n\t<\/p>\n<\/div>\n<div class=\"six\">\n\t<p>N\u00ba DE PERSONNES <span class=\"wpcf7-form-control-wrap\" data-name=\"npessoas\"><input size=\"40\" maxlength=\"400\" class=\"wpcf7-form-control wpcf7-text wpcf7-validates-as-required\" aria-required=\"true\" aria-invalid=\"false\" placeholder=\"150 si\u00e8ges au maximum.\" value=\"\" type=\"text\" name=\"npessoas\" \/><\/span>\n\t<\/p>\n<\/div>\n<div class=\"seven\">\n\t<p>CARTE D'IDENTIT\u00c9 <span class=\"wpcf7-form-control-wrap\" data-name=\"cc\"><input size=\"40\" class=\"wpcf7-form-control wpcf7-file wpcf7-validates-as-required\" accept=\".pdf,.jpeg\" aria-required=\"true\" aria-invalid=\"false\" type=\"file\" name=\"cc\" \/><\/span>\n\t<\/p>\n<\/div>\n<div class=\"eight\">\n\t<p>SOCI\u00c9T\u00c9 <span class=\"wpcf7-form-control-wrap\" data-name=\"Empresa\"><select class=\"wpcf7-form-control wpcf7-select wpcf7-validates-as-required\" aria-required=\"true\" aria-invalid=\"false\" name=\"Empresa\"><option value=\"\">&#8212;Veuillez choisir une option&#8212;<\/option><option value=\"Sim\">Sim<\/option><option value=\"N\u00e3o\">N\u00e3o<\/option><\/select><\/span>\n\t<\/p>\n<\/div>\n<div data-id=\"group-687\" data-orig_data_id=\"group-687\"  class=\"\" data-class=\"wpcf7cf_group\">\n\t<div class=\"two\">\n\t\t<p>NOM DE L'ENTREPRISE <span class=\"wpcf7-form-control-wrap\" data-name=\"NomeEmpresa\"><input size=\"40\" maxlength=\"400\" class=\"wpcf7-form-control wpcf7-text wpcf7-validates-as-required\" aria-required=\"true\" aria-invalid=\"false\" placeholder=\"nom complet de l&#039;entreprise\" value=\"\" type=\"text\" name=\"NomeEmpresa\" \/><\/span>\n\t\t<\/p>\n\t<\/div>\n\t<div class=\"three\">\n\t\t<p>NIF <span class=\"wpcf7-form-control-wrap\" data-name=\"NIF\"><input size=\"40\" maxlength=\"400\" class=\"wpcf7-form-control wpcf7-text wpcf7-validates-as-required\" aria-required=\"true\" aria-invalid=\"false\" placeholder=\"num\u00e9ro d&#039;imp\u00f4t sur les soci\u00e9t\u00e9s\" value=\"\" type=\"text\" name=\"NIF\" \/><\/span>\n\t\t<\/p>\n\t<\/div>\n<\/div>\n<div class=\"botao\">\n\t<p><input class=\"wpcf7-form-control wpcf7-submit has-spinner\" type=\"submit\" value=\"RESERVAR\" \/>\n\t<\/p>\n<\/div><div class=\"wpcf7-response-output\" aria-hidden=\"true\"><\/div>\n<\/form>\n<\/div>\n<\/span><\/p>\n<p>[\/et_pb_text][\/et_pb_column][\/et_pb_row][\/et_pb_section]<\/p>\n","protected":false},"excerpt":{"rendered":"<p>LUZU met \u00e0 votre disposition l&rsquo;espace n\u00e9cessaire \u00e0 votre \u00e9v\u00e9nement. Nous proposons une formule de base comprenant tout ce dont vous avez besoin pour votre f\u00eate, du portier au vestiaire, en passant par les bars et le DJ. Vous pouvez toujours compl\u00e9ter ces services par d&rsquo;autres services suppl\u00e9mentaires tels que la d\u00e9coration th\u00e9matique, l&rsquo;animation, le [&hellip;]<\/p>\n","protected":false},"author":1,"featured_media":0,"parent":0,"menu_order":0,"comment_status":"closed","ping_status":"closed","template":"","meta":{"_et_pb_use_builder":"on","_et_pb_old_content":"","_et_gb_content_width":"","footnotes":""},"class_list":["post-349","page","type-page","status-publish","hentry"],"_links":{"self":[{"href":"https:\/\/luzu.pt\/fr\/wp-json\/wp\/v2\/pages\/349","targetHints":{"allow":["GET"]}}],"collection":[{"href":"https:\/\/luzu.pt\/fr\/wp-json\/wp\/v2\/pages"}],"about":[{"href":"https:\/\/luzu.pt\/fr\/wp-json\/wp\/v2\/types\/page"}],"author":[{"embeddable":true,"href":"https:\/\/luzu.pt\/fr\/wp-json\/wp\/v2\/users\/1"}],"replies":[{"embeddable":true,"href":"https:\/\/luzu.pt\/fr\/wp-json\/wp\/v2\/comments?post=349"}],"version-history":[{"count":4,"href":"https:\/\/luzu.pt\/fr\/wp-json\/wp\/v2\/pages\/349\/revisions"}],"predecessor-version":[{"id":435,"href":"https:\/\/luzu.pt\/fr\/wp-json\/wp\/v2\/pages\/349\/revisions\/435"}],"wp:attachment":[{"href":"https:\/\/luzu.pt\/fr\/wp-json\/wp\/v2\/media?parent=349"}],"curies":[{"name":"wp","href":"https:\/\/api.w.org\/{rel}","templated":true}]}}